{"id":2,"date":"2015-10-17T10:09:56","date_gmt":"2015-10-17T10:09:56","guid":{"rendered":"http:\/?page_id=2"},"modified":"2023-04-04T15:19:20","modified_gmt":"2023-04-04T15:19:20","slug":"sample-page","status":"publish","type":"page","link":"https:\/\/englishoaktreeacademy.com\/","title":{"rendered":"The English Oak Tree Academy"},"content":{"rendered":"[vc_row type=&#8221;full_width_background&#8221; full_screen_row_position=&#8221;middle&#8221; column_margin=&#8221;default&#8221; column_direction=&#8221;default&#8221; column_direction_tablet=&#8221;default&#8221; column_direction_phone=&#8221;default&#8221; bg_color=&#8221;#cecece&#8221; bg_image=&#8221;70&#8243; bg_position=&#8221;center bottom&#8221; background_image_loading=&#8221;default&#8221; bg_repeat=&#8221;no-repeat&#8221; scene_position=&#8221;center&#8221; text_color=&#8221;dark&#8221; text_align=&#8221;left&#8221; row_border_radius=&#8221;none&#8221; row_border_radius_applies=&#8221;bg&#8221; overflow=&#8221;visible&#8221; overlay_strength=&#8221;0.3&#8243; gradient_direction=&#8221;left_to_right&#8221; shape_divider_position=&#8221;bottom&#8221; bg_image_animation=&#8221;none&#8221;][vc_column column_padding=&#8221;no-extra-padding&#8221; column_padding_tablet=&#8221;inherit&#8221; column_padding_phone=&#8221;inherit&#8221; column_padding_position=&#8221;all&#8221; column_element_direction_desktop=&#8221;default&#8221; column_element_spacing=&#8221;default&#8221; desktop_text_alignment=&#8221;default&#8221; tablet_text_alignment=&#8221;default&#8221; phone_text_alignment=&#8221;default&#8221; background_color_opacity=&#8221;1&#8243; background_hover_color_opacity=&#8221;1&#8243; column_backdrop_filter=&#8221;none&#8221; column_shadow=&#8221;none&#8221; column_border_radius=&#8221;none&#8221; column_link_target=&#8221;_self&#8221; column_position=&#8221;default&#8221; gradient_direction=&#8221;left_to_right&#8221; overlay_strength=&#8221;0.3&#8243; width=&#8221;1\/1&#8243; tablet_width_inherit=&#8221;default&#8221; animation_type=&#8221;default&#8221; bg_image_animation=&#8221;none&#8221; border_type=&#8221;simple&#8221; column_border_width=&#8221;none&#8221; column_border_style=&#8221;solid&#8221;][vc_raw_html]JTNDZGl2JTIwaWQlM0QlMjJob21lJTIyJTNFJTNDJTJGZGl2JTNF[\/vc_raw_html][\/vc_column][\/vc_row][vc_row type=&#8221;full_width_background&#8221; full_screen_row_position=&#8221;middle&#8221; column_margin=&#8221;default&#8221; column_direction=&#8221;default&#8221; column_direction_tablet=&#8221;default&#8221; column_direction_phone=&#8221;default&#8221; bg_image=&#8221;70&#8243; bg_position=&#8221;center bottom&#8221; background_image_loading=&#8221;default&#8221; bg_repeat=&#8221;no-repeat&#8221; scene_position=&#8221;center&#8221; text_color=&#8221;dark&#8221; text_align=&#8221;center&#8221; row_border_radius=&#8221;none&#8221; row_border_radius_applies=&#8221;bg&#8221; overflow=&#8221;visible&#8221; overlay_strength=&#8221;0.3&#8243; gradient_direction=&#8221;left_to_right&#8221; shape_divider_position=&#8221;bottom&#8221; bg_image_animation=&#8221;none&#8221;][vc_column column_padding=&#8221;no-extra-padding&#8221; column_padding_tablet=&#8221;inherit&#8221; column_padding_phone=&#8221;inherit&#8221; column_padding_position=&#8221;all&#8221; column_element_direction_desktop=&#8221;default&#8221; column_element_spacing=&#8221;default&#8221; desktop_text_alignment=&#8221;default&#8221; tablet_text_alignment=&#8221;default&#8221; phone_text_alignment=&#8221;default&#8221; background_color_opacity=&#8221;1&#8243; background_hover_color_opacity=&#8221;1&#8243; column_backdrop_filter=&#8221;none&#8221; column_shadow=&#8221;none&#8221; column_border_radius=&#8221;none&#8221; column_link_target=&#8221;_self&#8221; column_position=&#8221;default&#8221; gradient_direction=&#8221;left_to_right&#8221; overlay_strength=&#8221;0.3&#8243; width=&#8221;1\/1&#8243; tablet_width_inherit=&#8221;default&#8221; animation_type=&#8221;default&#8221; bg_image_animation=&#8221;none&#8221; border_type=&#8221;simple&#8221; column_border_width=&#8221;none&#8221; column_border_style=&#8221;solid&#8221;][vc_raw_html]JTNDZGl2JTIwaWQlM0QlMjJxdWllbmVzLXNvbW9zJTIyJTNFJTNDJTJGZGl2JTNF[\/vc_raw_html][vc_row_inner column_margin=&#8221;default&#8221; column_direction=&#8221;default&#8221; column_direction_tablet=&#8221;default&#8221; column_direction_phone=&#8221;default&#8221; text_align=&#8221;left&#8221; row_position=&#8221;default&#8221; row_position_tablet=&#8221;inherit&#8221; row_position_phone=&#8221;inherit&#8221; overflow=&#8221;visible&#8221; pointer_events=&#8221;all&#8221;][vc_column_inner column_padding=&#8221;no-extra-padding&#8221; column_padding_tablet=&#8221;inherit&#8221; column_padding_phone=&#8221;inherit&#8221; column_padding_position=&#8221;all&#8221; column_element_direction_desktop=&#8221;default&#8221; column_element_spacing=&#8221;default&#8221; centered_text=&#8221;true&#8221; desktop_text_alignment=&#8221;default&#8221; tablet_text_alignment=&#8221;default&#8221; phone_text_alignment=&#8221;default&#8221; background_color_opacity=&#8221;1&#8243; background_hover_color_opacity=&#8221;1&#8243; column_backdrop_filter=&#8221;none&#8221; column_shadow=&#8221;none&#8221; column_border_radius=&#8221;none&#8221; column_link_target=&#8221;_self&#8221; overflow=&#8221;visible&#8221; gradient_direction=&#8221;left_to_right&#8221; overlay_strength=&#8221;0.3&#8243; width=&#8221;1\/3&#8243; tablet_width_inherit=&#8221;default&#8221; animation_type=&#8221;default&#8221; bg_image_animation=&#8221;none&#8221; border_type=&#8221;simple&#8221; column_border_width=&#8221;none&#8221; column_border_style=&#8221;solid&#8221;][vc_column_text el_class=&#8221;cabecera-home&#8221;]\n<p style=\"text-align: center;\">WHO ARE WE?<\/p>\n[\/vc_column_text][vc_column_text el_class=&#8221;texto-home&#8221;]At TEOTA we strive to provide the highest quality English language services. We aim to give our students the means to learn and USE English language in a meaningful and enjoyable way so that our students can reach their full potential in a dynamic, communicative and nurturing environment.\u00a0 We offer classes\u00a0for children from 3 years old to adults in their 80s!<\/p>\n<p>With over 19 years experience in English Language Teaching, Cambridge official exams and qualifications in the latest techniques and methodology our Director has the skills and knowledge to ensure our students receive the best possible classes in small groups with personalised teaching.<br \/>\n<a href=\"http:\/\/englishoaktreeacademy.com\/wp-content\/uploads\/2015\/10\/arbol.png\"><img decoding=\"async\" loading=\"lazy\" class=\"alignnone wp-image-92 size-medium\" src=\"http:\/\/englishoaktreeacademy.com\/wp-content\/uploads\/2015\/10\/arbol-278x300.png\" alt=\"\" width=\"278\" height=\"300\" srcset=\"https:\/\/englishoaktreeacademy.com\/wp-content\/uploads\/2015\/10\/arbol-278x300.png 278w, https:\/\/englishoaktreeacademy.com\/wp-content\/uploads\/2015\/10\/arbol.png 373w\" sizes=\"(max-width: 278px) 100vw, 278px\" \/><\/a>[\/vc_column_text][\/vc_column_inner][vc_column_inner column_padding=&#8221;no-extra-padding&#8221; column_padding_tablet=&#8221;inherit&#8221; column_padding_phone=&#8221;inherit&#8221; column_padding_position=&#8221;all&#8221; column_element_direction_desktop=&#8221;default&#8221; column_element_spacing=&#8221;default&#8221; desktop_text_alignment=&#8221;default&#8221; tablet_text_alignment=&#8221;default&#8221; phone_text_alignment=&#8221;default&#8221; background_color_opacity=&#8221;1&#8243; background_hover_color_opacity=&#8221;1&#8243; column_backdrop_filter=&#8221;none&#8221; column_shadow=&#8221;none&#8221; column_border_radius=&#8221;none&#8221; column_link_target=&#8221;_self&#8221; overflow=&#8221;visible&#8221; gradient_direction=&#8221;left_to_right&#8221; overlay_strength=&#8221;0.3&#8243; width=&#8221;1\/3&#8243; tablet_width_inherit=&#8221;default&#8221; animation_type=&#8221;default&#8221; bg_image_animation=&#8221;none&#8221; border_type=&#8221;simple&#8221; column_border_width=&#8221;none&#8221; column_border_style=&#8221;solid&#8221;][vc_column_text el_class=&#8221;cabecera-home&#8221;]\n<p style=\"text-align: center;\">\u00bfQUI\u00c9NES SOMOS?<\/p>\n[\/vc_column_text][vc_column_text el_class=&#8221;texto-home&#8221;]En TEOTA nos esforzamos en aportar el m\u00e1s alto grado en la docencia del Ingl\u00e9s. Nuestro objetivo es facilitar a nuestros estudiantes los fundamentos para aprender y USAR el ingl\u00e9s de una manera amena para que puedan alcanzar su m\u00e1ximo potencial en un ambiente din\u00e1mico, personalizado y priorizando la expresi\u00f3n oral en grupos reducidos.<\/p>\n<p>Nuestra oferta educativa abarca desde los m\u00e1s peque\u00f1os (a partir de los\u00a03 a\u00f1os) \u00a0hasta adultos, diferenciando tanto los niveles como las edades para adecuar el mejor entorno para cada uno de nuestros alumnos.<\/p>\n<p>Nos orgullecemos en aportar una experiencia de m\u00e1s que 19 a\u00f1os en la ense\u00f1anza del ingl\u00e9s. Nuestra Directora es examinadora oficial de los todos los niveles de Ex\u00e1menes Oficiales de Cambridge, por lo que es especialista en la preparaci\u00f3n de tales pruebas, para aquellos alumnos que expresamente desean optar a la obtenci\u00f3n de t\u00edtulos oficiales reconocidos internacionalmente.<\/p>\n<p>Empleamos las m\u00e1s modernas t\u00e9cnicas y metodolog\u00edas y nuestro profesorado posee las habilidades y conocimientos para asegurar que nuestros estudiantes reciben las mejores clases posibles.[\/vc_column_text][\/vc_column_inner][vc_column_inner column_padding=&#8221;no-extra-padding&#8221; column_padding_tablet=&#8221;inherit&#8221; column_padding_phone=&#8221;inherit&#8221; column_padding_position=&#8221;all&#8221; column_element_direction_desktop=&#8221;default&#8221; column_element_spacing=&#8221;default&#8221; desktop_text_alignment=&#8221;default&#8221; tablet_text_alignment=&#8221;default&#8221; phone_text_alignment=&#8221;default&#8221; background_color_opacity=&#8221;1&#8243; background_hover_color_opacity=&#8221;1&#8243; column_backdrop_filter=&#8221;none&#8221; column_shadow=&#8221;none&#8221; column_border_radius=&#8221;none&#8221; column_link_target=&#8221;_self&#8221; overflow=&#8221;visible&#8221; gradient_direction=&#8221;left_to_right&#8221; overlay_strength=&#8221;0.3&#8243; width=&#8221;1\/3&#8243; tablet_width_inherit=&#8221;default&#8221; animation_type=&#8221;default&#8221; bg_image_animation=&#8221;none&#8221; border_type=&#8221;simple&#8221; column_border_width=&#8221;none&#8221; column_border_style=&#8221;solid&#8221;][vc_column_text el_class=&#8221;cabecera-home&#8221;]\n<p style=\"text-align: center;\">QUI SOM?<\/p>\n[\/vc_column_text][vc_column_text el_class=&#8221;texto-home&#8221;]A TEOTA ens esforcem en aportar el m\u00e9s alt nivell en la doc\u00e8ncia del l\u2019Angl\u00e8s. El nostre objectiu \u00e9s dotar els nostres alumnes els fonaments per aprendre i emprar l\u00b4Angl\u00e8s d\u00b4un mode am\u00e8 per tal que puguin assolir el m\u00e1xim potencial en un entorn din\u00e0mic, personalitzat i prioritzant l\u00b4us de le expressi\u00f3 oral.<\/p>\n<p>La nostra oferta educativa va dirigida des dels m\u00e9s petits (a partir dels 3 anys) fins als adults, enquadrant-los en els seu respectitus nivells i dividtint els grups tamb\u00e9 per edats, per tal d\u00b4una adequaci\u00f3 del millor entorn per a cadascun dels nostres alumnes.<\/p>\n<p>Estem molt orgullosos d\u00b4aportar una experiencia de mes que 19 anys en l\u00b4ensenyament de l\u00b4Angl\u00e8s. La nostra Directora \u00e9s examinadora oficial de tots els nivells d\u00b4Ex\u00e0mens Oficials de Cambridge. \u00c9s especialista en la preparaci\u00f3 de totes les proves oficials per aquells alumnes que desitjan aconseguir un T\u00edtol Oficial reconegut internacionalment.<\/p>\n<p>Emprem les m\u00e9s modernes t\u00e8cniques i metodologies i el nostre professorat t\u00e9 la preparaci\u00f3, habilitats i coneixements per tal d\u00b4assegurar que els nostres estudiants reben les millors classes posibles en grups redu\u00efts.[\/vc_column_text][\/vc_column_inner][\/vc_row_inner][divider line_type=&#8221;No Line&#8221; custom_height=&#8221;25&#8243;][\/vc_column][\/vc_row][vc_row type=&#8221;full_width_background&#8221; full_screen_row_position=&#8221;middle&#8221; column_margin=&#8221;default&#8221; column_direction=&#8221;default&#8221; column_direction_tablet=&#8221;default&#8221; column_direction_phone=&#8221;default&#8221; bg_color=&#8221;#ffffff&#8221; bg_image=&#8221;70&#8243; bg_position=&#8221;center bottom&#8221; background_image_loading=&#8221;default&#8221; bg_repeat=&#8221;no-repeat&#8221; scene_position=&#8221;center&#8221; top_padding=&#8221;50&#8243; bottom_padding=&#8221;20&#8243; text_color=&#8221;dark&#8221; text_align=&#8221;left&#8221; row_border_radius=&#8221;none&#8221; row_border_radius_applies=&#8221;bg&#8221; overflow=&#8221;visible&#8221; overlay_strength=&#8221;0.3&#8243; gradient_direction=&#8221;left_to_right&#8221; shape_divider_position=&#8221;bottom&#8221; bg_image_animation=&#8221;none&#8221;][vc_column column_padding=&#8221;no-extra-padding&#8221; column_padding_tablet=&#8221;inherit&#8221; column_padding_phone=&#8221;inherit&#8221; column_padding_position=&#8221;all&#8221; column_element_direction_desktop=&#8221;default&#8221; column_element_spacing=&#8221;default&#8221; desktop_text_alignment=&#8221;default&#8221; tablet_text_alignment=&#8221;default&#8221; phone_text_alignment=&#8221;default&#8221; background_color_opacity=&#8221;1&#8243; background_hover_color_opacity=&#8221;1&#8243; column_backdrop_filter=&#8221;none&#8221; column_shadow=&#8221;none&#8221; column_border_radius=&#8221;none&#8221; column_link_target=&#8221;_self&#8221; column_position=&#8221;default&#8221; gradient_direction=&#8221;left_to_right&#8221; overlay_strength=&#8221;0.3&#8243; width=&#8221;1\/1&#8243; tablet_width_inherit=&#8221;default&#8221; animation_type=&#8221;default&#8221; bg_image_animation=&#8221;none&#8221; border_type=&#8221;simple&#8221; column_border_width=&#8221;none&#8221; column_border_style=&#8221;solid&#8221;][vc_raw_html]JTNDZGl2JTIwaWQlM0QlMjJob3JhcmlvcyUyMiUzRSUzQyUyRmRpdiUzRQ==[\/vc_raw_html][vc_column_text el_class=&#8221;fondo-blanc-titul-2 color-lila&#8221;]<strong>TIMETABLE \/ HORARIO \/ HORARI<\/strong>[\/vc_column_text][vc_row_inner column_margin=&#8221;default&#8221; column_direction=&#8221;default&#8221; column_direction_tablet=&#8221;default&#8221; column_direction_phone=&#8221;default&#8221; text_align=&#8221;left&#8221; row_position=&#8221;default&#8221; row_position_tablet=&#8221;inherit&#8221; row_position_phone=&#8221;inherit&#8221; class=&#8221;fondo-home-blanc&#8221; overflow=&#8221;visible&#8221; pointer_events=&#8221;all&#8221;][vc_column_inner column_padding=&#8221;no-extra-padding&#8221; column_padding_tablet=&#8221;inherit&#8221; column_padding_phone=&#8221;inherit&#8221; column_padding_position=&#8221;all&#8221; column_element_direction_desktop=&#8221;default&#8221; column_element_spacing=&#8221;default&#8221; desktop_text_alignment=&#8221;default&#8221; tablet_text_alignment=&#8221;default&#8221; phone_text_alignment=&#8221;default&#8221; background_color_opacity=&#8221;1&#8243; background_hover_color_opacity=&#8221;1&#8243; column_backdrop_filter=&#8221;none&#8221; column_shadow=&#8221;none&#8221; column_border_radius=&#8221;none&#8221; column_link_target=&#8221;_self&#8221; overflow=&#8221;visible&#8221; gradient_direction=&#8221;left_to_right&#8221; overlay_strength=&#8221;0.3&#8243; width=&#8221;1\/2&#8243; tablet_width_inherit=&#8221;default&#8221; animation_type=&#8221;default&#8221; bg_image_animation=&#8221;none&#8221; border_type=&#8221;simple&#8221; column_border_width=&#8221;none&#8221; column_border_style=&#8221;solid&#8221;][divider line_type=&#8221;No Line&#8221; custom_height=&#8221;25&#8243;][vc_column_text el_class=&#8221;color-lila&#8221;]COURSE \/ CURSO \/ CURS 2021 &#8211; 2022<\/p>\n<p><strong>SCHOOL YEAR \/ CURSO LECTIVA\/ CURS ESCOLA :<\/strong>\u00a0 Starts \/ Comienza \/ Comen\u00e7a 01\/10\/2021<\/p>\n<p><b>TERM 1:\u00a0 01 \/10\/2021 &#8211; 22\/12\/2021\u00a0 \u00a0 \u00a0 TERM 2:\u00a0 07\/1\/2022 &#8211; 27\/03\/2022 TERM 3: 28\/03\/2020 &#8211; 22\/06\/2020<\/b><\/p>\n<p><strong>HORARIO: OCTOBER- JUNE \/OCTUBRE &#8211; JUNIO \/ OCTUBRE &#8211; JUNY<\/strong><\/p>\n<p><strong>Monday \/ Lunes \/ Dilluns<\/strong><\/p>\n<p>16:30\u00a0&#8211; 22:00<\/p>\n<p><strong>Tuesday &amp; Thursday \/ Martes y Jueves \/ Dimarts i Dijous<\/strong><br \/>\n10:00 &#8211; 13:00<br \/>\n15:30 &#8211; 22:00<\/p>\n<p><strong>Wednesday \/\u00a0Mi\u00e9rcoles\u00a0\/ Dimecres<\/strong><br \/>\n09:30 &#8211; 13:00<br \/>\n15:30 &#8211; 22:00<\/p>\n<p><strong>Friday \/ Viernes \/ Divendres<\/strong><br \/>\n09:30 &#8211; 13:00<br \/>\n15:30 &#8211; 20:00<\/p>\n<p><strong>Free level test<\/strong><br \/>\n<strong>Prueba de nivel gratis<\/strong><br \/>\n<strong>Fem proves de nivell gratu\u00eftes<\/strong>[\/vc_column_text][divider line_type=&#8221;No Line&#8221; custom_height=&#8221;25&#8243;][\/vc_column_inner][vc_column_inner column_padding=&#8221;no-extra-padding&#8221; column_padding_tablet=&#8221;inherit&#8221; column_padding_phone=&#8221;inherit&#8221; column_padding_position=&#8221;all&#8221; column_element_direction_desktop=&#8221;default&#8221; column_element_spacing=&#8221;default&#8221; desktop_text_alignment=&#8221;default&#8221; tablet_text_alignment=&#8221;default&#8221; phone_text_alignment=&#8221;default&#8221; background_color_opacity=&#8221;1&#8243; background_hover_color_opacity=&#8221;1&#8243; column_backdrop_filter=&#8221;none&#8221; column_shadow=&#8221;none&#8221; column_border_radius=&#8221;none&#8221; column_link_target=&#8221;_self&#8221; overflow=&#8221;visible&#8221; gradient_direction=&#8221;left_to_right&#8221; overlay_strength=&#8221;0.3&#8243; width=&#8221;1\/2&#8243; tablet_width_inherit=&#8221;default&#8221; animation_type=&#8221;default&#8221; bg_image_animation=&#8221;none&#8221; border_type=&#8221;simple&#8221; column_border_width=&#8221;none&#8221; column_border_style=&#8221;solid&#8221;][image_with_animation image_url=&#8221;102&#8243; image_size=&#8221;full&#8221; animation_type=&#8221;entrance&#8221; animation=&#8221;Fade In&#8221; animation_easing=&#8221;default&#8221; animation_movement_type=&#8221;transform_y&#8221; hover_animation=&#8221;none&#8221; alignment=&#8221;center&#8221; border_radius=&#8221;none&#8221; box_shadow=&#8221;none&#8221; image_loading=&#8221;default&#8221; max_width=&#8221;100%&#8221; max_width_mobile=&#8221;default&#8221;][\/vc_column_inner][\/vc_row_inner][\/vc_column][\/vc_row][vc_row type=&#8221;full_width_background&#8221; full_screen_row_position=&#8221;middle&#8221; column_margin=&#8221;default&#8221; column_direction=&#8221;default&#8221; column_direction_tablet=&#8221;default&#8221; column_direction_phone=&#8221;default&#8221; bg_color=&#8221;#ffffff&#8221; bg_image=&#8221;70&#8243; bg_position=&#8221;center bottom&#8221; background_image_loading=&#8221;default&#8221; bg_repeat=&#8221;no-repeat&#8221; scene_position=&#8221;center&#8221; top_padding=&#8221;50&#8243; bottom_padding=&#8221;20&#8243; text_color=&#8221;dark&#8221; text_align=&#8221;left&#8221; row_border_radius=&#8221;none&#8221; row_border_radius_applies=&#8221;bg&#8221; overflow=&#8221;visible&#8221; overlay_strength=&#8221;0.3&#8243; gradient_direction=&#8221;left_to_right&#8221; shape_divider_position=&#8221;bottom&#8221; bg_image_animation=&#8221;none&#8221;][vc_column column_padding=&#8221;no-extra-padding&#8221; column_padding_tablet=&#8221;inherit&#8221; column_padding_phone=&#8221;inherit&#8221; column_padding_position=&#8221;all&#8221; column_element_direction_desktop=&#8221;default&#8221; column_element_spacing=&#8221;default&#8221; desktop_text_alignment=&#8221;default&#8221; tablet_text_alignment=&#8221;default&#8221; phone_text_alignment=&#8221;default&#8221; background_color_opacity=&#8221;1&#8243; background_hover_color_opacity=&#8221;1&#8243; column_backdrop_filter=&#8221;none&#8221; column_shadow=&#8221;none&#8221; column_border_radius=&#8221;none&#8221; column_link_target=&#8221;_self&#8221; column_position=&#8221;default&#8221; gradient_direction=&#8221;left_to_right&#8221; overlay_strength=&#8221;0.3&#8243; width=&#8221;1\/1&#8243; tablet_width_inherit=&#8221;default&#8221; animation_type=&#8221;default&#8221; bg_image_animation=&#8221;none&#8221; border_type=&#8221;simple&#8221; column_border_width=&#8221;none&#8221; column_border_style=&#8221;solid&#8221;][vc_raw_html]JTNDZGl2JTIwaWQlM0QlMjJwcmVjaW9zJTIyJTNFJTNDJTJGZGl2JTNF[\/vc_raw_html][vc_column_text el_class=&#8221;fondo-blanc-titul-2 color-lila&#8221;]<strong>PRICES \/ PRECIOS \/ PREUS<\/strong>[\/vc_column_text][vc_row_inner column_margin=&#8221;default&#8221; column_direction=&#8221;default&#8221; column_direction_tablet=&#8221;default&#8221; column_direction_phone=&#8221;default&#8221; text_align=&#8221;left&#8221; row_position=&#8221;default&#8221; row_position_tablet=&#8221;inherit&#8221; row_position_phone=&#8221;inherit&#8221; class=&#8221;fondo-home-blanc&#8221; overflow=&#8221;visible&#8221; pointer_events=&#8221;all&#8221;][vc_column_inner column_padding=&#8221;no-extra-padding&#8221; column_padding_tablet=&#8221;inherit&#8221; column_padding_phone=&#8221;inherit&#8221; column_padding_position=&#8221;all&#8221; column_element_direction_desktop=&#8221;default&#8221; column_element_spacing=&#8221;default&#8221; desktop_text_alignment=&#8221;default&#8221; tablet_text_alignment=&#8221;default&#8221; phone_text_alignment=&#8221;default&#8221; background_color_opacity=&#8221;1&#8243; background_hover_color_opacity=&#8221;1&#8243; column_backdrop_filter=&#8221;none&#8221; column_shadow=&#8221;none&#8221; column_border_radius=&#8221;none&#8221; column_link_target=&#8221;_self&#8221; overflow=&#8221;visible&#8221; gradient_direction=&#8221;left_to_right&#8221; overlay_strength=&#8221;0.3&#8243; width=&#8221;1\/1&#8243; tablet_width_inherit=&#8221;default&#8221; animation_type=&#8221;default&#8221; bg_image_animation=&#8221;none&#8221; border_type=&#8221;simple&#8221; column_border_width=&#8221;none&#8221; column_border_style=&#8221;solid&#8221;][vc_column_text]\n<table class=\"tabla-margen\" style=\"width: 100%;\">\n<tbody>\n<tr>\n<th class=\"cabezera-precios\">KIDS \/ NI\u00d1OS \/ NENS (Up to \/ Hasta \/ Fins 6\u00ba Primaria)<\/th>\n<th class=\"cabezera-precios\">Mensual \/ Trimestral<\/th>\n<\/tr>\n<tr>\n<td class=\"contenido-precios\"><strong>2 hr (a week \/ semanales \/ per setmana) &#8211; BABIES (3 a\u00f1os\/anys &#8211; 5 a\u00f1os\/anys)<\/strong><br \/>\n<strong>3 hr (a week \/ semanales \/ per setmana)<\/strong><\/td>\n<td class=\"contenido-precios\"><strong>65\u20ac \/ 180\u20ac<\/strong><br \/>\n<strong>75\u20ac \/ 210\u20ac<\/strong><\/td>\n<\/tr>\n<tr>\n<th class=\"cabezera-precios\">TEENS \/ JOVENES \/ JOVES (Up to \/ Hasta \/ Fins 4\u00ba ESO)<\/th>\n<th class=\"cabezera-precios\">Mensual \/ Trimestral<\/th>\n<\/tr>\n<tr>\n<td class=\"contenido-precios\"><strong>2 hr (a week \/ semanales \/ per setmana)<\/strong><br \/>\n<strong>3 hr (a week \/ semanales \/ per setmana)<\/strong><\/td>\n<td class=\"contenido-precios\"><strong>70\u20ac \/ 200\u20ac<\/strong><br \/>\n<strong>80\u20ac \/ 230\u20ac<\/strong><\/td>\n<\/tr>\n<tr>\n<th class=\"cabezera-precios\">ADULTS\/ ADULTOS \/ ADULTS<\/th>\n<th class=\"cabezera-precios\">Mensual \/ Trimestral<\/th>\n<\/tr>\n<tr>\n<td class=\"contenido-precios\"><strong>3 hr (a week \/ semanales \/ per setmana)<\/strong><\/td>\n<td class=\"contenido-precios\"><strong>90\u20ac \/ 250\u20ac<\/strong><\/td>\n<\/tr>\n<tr>\n<th class=\"cabezera-precios\">CAMBRIDGE PREPARATION COURSES<br \/>\n(FCE \/ CAE \/ CPE)<\/th>\n<th class=\"cabezera-precios\">Mensual \/ Trimestral<\/th>\n<\/tr>\n<tr>\n<td class=\"contenido-precios\"><strong>3 hr (a week \/ semanales \/ per setmana)<\/strong><\/td>\n<td class=\"contenido-precios\"><strong>105\u20ac \/ 300\u20ac<\/strong><\/td>\n<\/tr>\n<tr>\n<th class=\"cabezera-precios\">CONVERSATION \/ CONVERSACI\u00d3N \/ CONVERSA<\/th>\n<th class=\"cabezera-precios\">Mensual \/ Trimestral<\/th>\n<\/tr>\n<tr>\n<td class=\"contenido-precios\"><strong>1,5 hr (a week \/ semanales \/ per setmana)<\/strong><\/td>\n<td class=\"contenido-precios\"><strong>50\u20ac \/ 135\u20ac<\/strong><\/td>\n<\/tr>\n<tr>\n<th class=\"cabezera-precios\">CLASES PARTICULARES<\/th>\n<th class=\"cabezera-precios\">25 P\/H<\/th>\n<\/tr>\n<\/tbody>\n<\/table>\n[\/vc_column_text][divider line_type=&#8221;No Line&#8221; custom_height=&#8221;75&#8243;][\/vc_column_inner][\/vc_row_inner][\/vc_column][\/vc_row]\n","protected":false},"excerpt":{"rendered":"<p>[vc_row type=&#8221;full_width_background&#8221; full_screen_row_position=&#8221;middle&#8221; column_margin=&#8221;default&#8221; column_direction=&#8221;default&#8221; column_direction_tablet=&#8221;default&#8221; column_direction_phone=&#8221;default&#8221; bg_color=&#8221;#cecece&#8221; bg_image=&#8221;70&#8243; bg_position=&#8221;center bottom&#8221; background_image_loading=&#8221;default&#8221; bg_repeat=&#8221;no-repeat&#8221; scene_position=&#8221;center&#8221; text_color=&#8221;dark&#8221; text_align=&#8221;left&#8221; row_border_radius=&#8221;none&#8221; row_border_radius_applies=&#8221;bg&#8221; overflow=&#8221;visible&#8221; overlay_strength=&#8221;0.3&#8243; gradient_direction=&#8221;left_to_right&#8221; shape_divider_position=&#8221;bottom&#8221; bg_image_animation=&#8221;none&#8221;][vc_column column_padding=&#8221;no-extra-padding&#8221; column_padding_tablet=&#8221;inherit&#8221; column_padding_phone=&#8221;inherit&#8221; column_padding_position=&#8221;all&#8221; column_element_direction_desktop=&#8221;default&#8221; column_element_spacing=&#8221;default&#8221; desktop_text_alignment=&#8221;default&#8221;&#8230;<\/p>\n","protected":false},"author":2,"featured_media":0,"parent":0,"menu_order":0,"comment_status":"closed","ping_status":"closed","template":"","meta":[],"_links":{"self":[{"href":"https:\/\/englishoaktreeacademy.com\/index.php?rest_route=\/wp\/v2\/pages\/2"}],"collection":[{"href":"https:\/\/englishoaktreeacademy.com\/index.php?rest_route=\/wp\/v2\/pages"}],"about":[{"href":"https:\/\/englishoaktreeacademy.com\/index.php?rest_route=\/wp\/v2\/types\/page"}],"author":[{"embeddable":true,"href":"https:\/\/englishoaktreeacademy.com\/index.php?rest_route=\/wp\/v2\/users\/2"}],"replies":[{"embeddable":true,"href":"https:\/\/englishoaktreeacademy.com\/index.php?rest_route=%2Fwp%2Fv2%2Fcomments&post=2"}],"version-history":[{"count":125,"href":"https:\/\/englishoaktreeacademy.com\/index.php?rest_route=\/wp\/v2\/pages\/2\/revisions"}],"predecessor-version":[{"id":303,"href":"https:\/\/englishoaktreeacademy.com\/index.php?rest_route=\/wp\/v2\/pages\/2\/revisions\/303"}],"wp:attachment":[{"href":"https:\/\/englishoaktreeacademy.com\/index.php?rest_route=%2Fwp%2Fv2%2Fmedia&parent=2"}],"curies":[{"name":"wp","href":"https:\/\/api.w.org\/{rel}","templated":true}]}}